{"id":2,"date":"2025-12-21T16:28:40","date_gmt":"2025-12-21T09:28:40","guid":{"rendered":"https:\/\/www.demo.vietnamweb.asia\/?page_id=2"},"modified":"2025-12-21T16:28:15","modified_gmt":"2025-12-21T09:28:15","slug":"trang-chu","status":"publish","type":"page","link":"https:\/\/05okfun.net\/","title":{"rendered":"05okfun com &#8211; Th\u1eafng Li\u00ean Ti\u1ebfp Th\u1ec3 Thao Th\u01b0\u1edfng Li\u1ec1n Tay \u0110\u1ebfn 18.888k"},"content":{"rendered":"<h2><span style=\"font-size: 110%; color: #f99b1c;\"><strong>TRANG CH\u1ee6 \u0110\u0102NG NH\u1eacP NH\u00c0 C\u00c1I OKFUN<\/strong><\/span><\/h2>\n<p>Link trang t\u1ed5ng v\u00e0o 05okfun com ch\u00ednh th\u1ee9c c\u1eadp nh\u1eadt ng\u00e0y h\u00f4m nay m\u1edbi nh\u1ea5t:<\/p>\n<div class=\"row row-small\"  id=\"row-1894755336\">\n\n\t<div id=\"col-1212245783\" class=\"col medium-4 small-12 large-4\"  >\n\t\t\t\t<div class=\"col-inner\"  >\n\t\t\t\n\t\t\t\n\t<div class=\"img has-hover x md-x lg-x y md-y lg-y\" id=\"image_981855927\">\n\t\t<a class=\"\" href=\"https:\/\/qcte88.pro\/hwcf\" >\t\t\t\t\t\t<div class=\"img-inner dark\" >\n\t\t\t<img loading=\"lazy\" decoding=\"async\" width=\"400\" height=\"188\" src=\"https:\/\/05okfun.net\/wp-content\/uploads\/2025\/03\/dang-ky.webp\" class=\"attachment-original size-original\" alt=\"\u0110\u0103ng k\u00fd nh\u00e0 c\u00e1i\" srcset=\"https:\/\/05okfun.net\/wp-content\/uploads\/2025\/03\/dang-ky.webp 400w, https:\/\/05okfun.net\/wp-content\/uploads\/2025\/03\/dang-ky-300x141.webp 300w\" sizes=\"auto, (max-width: 400px) 100vw, 400px\" \/>\t\t\t\t\t\t\n\t\t\t\t\t<\/div>\n\t\t\t\t\t\t<\/a>\t\t\n<style>\n#image_981855927 {\n  width: 100%;\n}\n<\/style>\n\t<\/div>\n\t\n\t\t<\/div>\n\t\t\t\t\t<\/div>\n\n\t\n\n\t<div id=\"col-523093480\" class=\"col medium-4 small-12 large-4\"  >\n\t\t\t\t<div class=\"col-inner\"  >\n\t\t\t\n\t\t\t\n\t<div class=\"img has-hover x md-x lg-x y md-y lg-y\" id=\"image_71192928\">\n\t\t<a class=\"\" href=\"https:\/\/qcte88.pro\/hwcf\" >\t\t\t\t\t\t<div class=\"img-inner dark\" >\n\t\t\t<img loading=\"lazy\" decoding=\"async\" width=\"400\" height=\"188\" src=\"https:\/\/05okfun.net\/wp-content\/uploads\/2025\/03\/dang-nhap.webp\" class=\"attachment-original size-original\" alt=\"\u0110\u0103ng nh\u1eadp t\u1ea3i app\" srcset=\"https:\/\/05okfun.net\/wp-content\/uploads\/2025\/03\/dang-nhap.webp 400w, https:\/\/05okfun.net\/wp-content\/uploads\/2025\/03\/dang-nhap-300x141.webp 300w\" sizes=\"auto, (max-width: 400px) 100vw, 400px\" \/>\t\t\t\t\t\t\n\t\t\t\t\t<\/div>\n\t\t\t\t\t\t<\/a>\t\t\n<style>\n#image_71192928 {\n  width: 100%;\n}\n<\/style>\n\t<\/div>\n\t\n\t\t<\/div>\n\t\t\t\t\t<\/div>\n\n\t\n\n\t<div id=\"col-242685203\" class=\"col medium-4 small-12 large-4\"  >\n\t\t\t\t<div class=\"col-inner\"  >\n\t\t\t\n\t\t\t\n\t<div class=\"img has-hover x md-x lg-x y md-y lg-y\" id=\"image_1763035917\">\n\t\t<a class=\"\" href=\"https:\/\/qcte88.pro\/hwcf\" >\t\t\t\t\t\t<div class=\"img-inner dark\" >\n\t\t\t<img loading=\"lazy\" decoding=\"async\" width=\"400\" height=\"188\" src=\"https:\/\/05okfun.net\/wp-content\/uploads\/2025\/03\/khuyen-mai.webp\" class=\"attachment-original size-original\" alt=\"Khuy\u1ebfn m\u00e3i th\u00e0nh vi\u00ean\" srcset=\"https:\/\/05okfun.net\/wp-content\/uploads\/2025\/03\/khuyen-mai.webp 400w, https:\/\/05okfun.net\/wp-content\/uploads\/2025\/03\/khuyen-mai-300x141.webp 300w\" sizes=\"auto, (max-width: 400px) 100vw, 400px\" \/>\t\t\t\t\t\t\n\t\t\t\t\t<\/div>\n\t\t\t\t\t\t<\/a>\t\t\n<style>\n#image_1763035917 {\n  width: 100%;\n}\n<\/style>\n\t<\/div>\n\t\n\t\t<\/div>\n\t\t\t\t\t<\/div>\n\n\t\n<\/div>\n\t<div id=\"gap-1027414448\" class=\"gap-element clearfix\" style=\"display:block; height:auto;\">\n\t\t\n<style>\n#gap-1027414448 {\n  padding-top: 16px;\n}\n<\/style>\n\t<\/div>\n\t\n\t<div id=\"gap-152727824\" class=\"gap-element clearfix\" style=\"display:block; height:auto;\">\n\t\t\n<style>\n#gap-152727824 {\n  padding-top: 15px;\n}\n<\/style>\n\t<\/div>\n\t\n<p><strong>Disclaimer (Tuy\u00ean b\u1ed1 mi\u1ec5n tr\u1eeb):<\/strong> 05okfun.net l\u00e0 n\u1ec1n t\u1ea3ng cung c\u1ea5p th\u00f4ng tin d\u00e0nh cho ng\u01b0\u1eddi d\u00f9ng t\u1eeb 18 tu\u1ed5i tr\u1edf l\u00ean v\u00e0 kh\u00f4ng sinh s\u1ed1ng t\u1ea1i Vi\u1ec7t Nam. To\u00e0n b\u1ed9 n\u1ed9i dung ch\u1ec9 mang t\u00ednh tham kh\u1ea3o, kh\u00f4ng \u0111\u01b0\u1ee3c xem l\u00e0 l\u1eddi khuy\u00ean hay khuy\u1ebfn ngh\u1ecb \u0111\u1ea7u t\u01b0. 05okfun app kh\u00f4ng ch\u1ecbu tr\u00e1ch nhi\u1ec7m cho b\u1ea5t k\u1ef3 r\u1ee7i ro hay thi\u1ec7t h\u1ea1i t\u00e0i ch\u00ednh n\u00e0o ph\u00e1t sinh t\u1eeb vi\u1ec7c s\u1eed d\u1ee5ng th\u00f4ng tin tr\u00ean website.<\/p>\n<h2 class=\"tieu-de uppercase\"><span style=\"color: #3366ff;\"><strong>FAQ &#8211; Tr\u1ea3 l\u1eddi nh\u1eefng th\u1eafc m\u1eafc khi ch\u01a1i OKFUN<\/strong><\/span><\/h2>\n<div class=\"accordion\"><\/div>\n\t<div id=\"accordion-2147070014\" class=\"accordion-item\">\n\t\t<a id=\"accordion-2147070014-label\" class=\"accordion-title plain\" href=\"#accordion-item-truy-c\u1eadp-05-okfun.com-tr\u00ean-trang-ch\u00ednh-th\u1ee9c-n\u00e0o?\" aria-expanded=\"false\" aria-controls=\"accordion-2147070014-content\" >\n\t\t\t<button class=\"toggle\" aria-label=\"Chuy\u1ec3n \u0111\u1ed5i\"><i class=\"icon-angle-down\"><\/i><\/button>\n\t\t\t<span>Truy c\u1eadp 05 okfun.com tr\u00ean trang ch\u00ednh th\u1ee9c n\u00e0o?<\/span>\n\t\t<\/a>\n\t\t<div id=\"accordion-2147070014-content\" class=\"accordion-inner\" aria-labelledby=\"accordion-2147070014-label\" >\n\t\t\t\n<p><span style=\"color: #3366ff;\">5 trang truy c\u1eadp ch\u00ednh th\u1ee9c:<\/span><\/p>\n<ul>\n<li><span style=\"color: #3366ff;\">05okfun.com<\/span><\/li>\n<li><span style=\"color: #3366ff;\"> 0 5okfun.casino<\/span><\/li>\n<li><span style=\"color: #3366ff;\">05 okfun.game<\/span><\/li>\n<li><span style=\"color: #3366ff;\">05okfun . app<\/span><\/li>\n<li><span style=\"color: #3366ff;\">05okfun .bet<\/span><\/li>\n<\/ul>\n<p>#trangchuokfun #dangnhapokfun #dangkyokfun #taiappokfun #appokfun #okfunbet #okfuncasino<\/p>\n<p>#trangchu05okfun #dangnhap05okfun #dangky05okfun #taiapp05okfun #app05okfun #05okfunbet #05okfuncasino<\/p>\n\t\t<\/div>\n\t<\/div>\n\t\n\t<div id=\"accordion-505036444\" class=\"accordion-item\">\n\t\t<a id=\"accordion-505036444-label\" class=\"accordion-title plain\" href=\"#accordion-item-n\u1ea1p-ti\u1ec1n-t\u1ea1i-05okfun.bet-b\u1eb1ng-c\u00e1ch-n\u00e0o?\" aria-expanded=\"false\" aria-controls=\"accordion-505036444-content\" >\n\t\t\t<button class=\"toggle\" aria-label=\"Chuy\u1ec3n \u0111\u1ed5i\"><i class=\"icon-angle-down\"><\/i><\/button>\n\t\t\t<span>N\u1ea1p ti\u1ec1n t\u1ea1i 05okfun.bet b\u1eb1ng c\u00e1ch n\u00e0o?<\/span>\n\t\t<\/a>\n\t\t<div id=\"accordion-505036444-content\" class=\"accordion-inner\" aria-labelledby=\"accordion-505036444-label\" >\n\t\t\t\n<p><span style=\"color: #3366ff;\">Truy c\u1eadp trang ch\u1ee7 ch\u00ednh th\u1ee9c 05 okfun.com li\u00ean k\u1ebft t\u00e0i kho\u1ea3n ng\u00e2n h\u00e0ng v\u00e0 t\u1ea1o m\u00e3 b\u1ea3o m\u1eadt giao d\u1ecbch. Nh\u1ea5p v\u00e0o m\u1ee5c N\u1ea1p ti\u1ec1n ch\u1ecdn h\u00ecnh th\u1ee9c chuy\u1ec3n ti\u1ec1n ( QR code, banking s\u1ed1 t\u00e0i kho\u1ea3n&#8230;) nh\u1eadp s\u1ed1 ti\u1ec1n ki\u1ec3m tra l\u1ea1i k\u1ef9 th\u00f4ng tin x\u00e1c nh\u1eadn l\u00e0 n\u1ea1p \u0111\u01b0\u1ee3c ti\u1ec1n.<\/span><\/p>\n\t\t<\/div>\n\t<\/div>\n\t\n\t<div id=\"accordion-2391668546\" class=\"accordion-item\">\n\t\t<a id=\"accordion-2391668546-label\" class=\"accordion-title plain\" href=\"#accordion-item-d\u1ecbch-v\u1ee5-cskh-c\u1ee7a-okfun-c\u00f3-chuy\u00ean-nghi\u1ec7p-kh\u00f4ng\" aria-expanded=\"false\" aria-controls=\"accordion-2391668546-content\" >\n\t\t\t<button class=\"toggle\" aria-label=\"Chuy\u1ec3n \u0111\u1ed5i\"><i class=\"icon-angle-down\"><\/i><\/button>\n\t\t\t<span>D\u1ecbch v\u1ee5 CSKH c\u1ee7a Okfun c\u00f3 chuy\u00ean nghi\u1ec7p kh\u00f4ng<\/span>\n\t\t<\/a>\n\t\t<div id=\"accordion-2391668546-content\" class=\"accordion-inner\" aria-labelledby=\"accordion-2391668546-label\" >\n\t\t\t\n<p>Nh\u00e0 c\u00e1i 05okfun game cung c\u1ea5p d\u1ecbch v\u1ee5 CSKH li\u00ean t\u1ee5c 24\/7. C\u00e1c nh\u00e2n vi\u00ean \u0111\u01b0\u1ee3c \u0111\u00e0o t\u1ea1o chuy\u00ean nghi\u1ec7p v\u00e0 nhi\u1ec7t t\u00ecnh, s\u1eb5n s\u00e0ng h\u1ed7 tr\u1ee3 \u0111\u1ec3 mang \u0111\u1ebfn ng\u01b0\u1eddi ch\u01a1i nh\u1eefng tr\u1ea3i nghi\u1ec7m t\u1ed1t nh\u1ea5t.<\/p>\n\t\t<\/div>\n\t<\/div>\n\t\n\t<div id=\"accordion-1981475427\" class=\"accordion-item\">\n\t\t<a id=\"accordion-1981475427-label\" class=\"accordion-title plain\" href=\"#accordion-item-tham-gia-ch\u01a1i-05-okfun.casino-c\u00f3-an-to\u00e0n-kh\u00f4ng?\" aria-expanded=\"false\" aria-controls=\"accordion-1981475427-content\" >\n\t\t\t<button class=\"toggle\" aria-label=\"Chuy\u1ec3n \u0111\u1ed5i\"><i class=\"icon-angle-down\"><\/i><\/button>\n\t\t\t<span>Tham gia ch\u01a1i 05 okfun.casino c\u00f3 an to\u00e0n kh\u00f4ng?<\/span>\n\t\t<\/a>\n\t\t<div id=\"accordion-1981475427-content\" class=\"accordion-inner\" aria-labelledby=\"accordion-1981475427-label\" >\n\t\t\t\n<p><span style=\"color: #3366ff;\">Ng\u01b0\u1eddi ch\u01a1i ho\u00e0n to\u00e0n an t\u00e2m khi ch\u01a1i tr\u00ean 05 okfun com trang s\u1eed d\u1ee5ng c\u00f4ng ngh\u1ec7 m\u00e3 h\u00f3a SSL-128bit b\u1ea3o v\u1ec7 th\u00f4ng tin t\u00e0i kho\u1ea3n, giao d\u1ecbch c\u1ee7a ng\u01b0\u1eddi ch\u01a1i tuy\u1ec7t \u0111\u1ed1i kh\u00f4ng \u0111\u1ec3 b\u1ecb hack b\u1edfi b\u00ean th\u1ee9 3.<\/span><\/p>\n\t\t<\/div>\n\t<\/div>\n\t\n<p>&nbsp;<\/p>\n","protected":false},"excerpt":{"rendered":"<p>TRANG CH\u1ee6 \u0110\u0102NG NH\u1eacP NH\u00c0 C\u00c1I OKFUN Link trang t\u1ed5ng v\u00e0o 05okfun com ch\u00ednh th\u1ee9c c\u1eadp nh\u1eadt ng\u00e0y h\u00f4m nay m\u1edbi nh\u1ea5t: Disclaimer (Tuy\u00ean b\u1ed1 mi\u1ec5n tr\u1eeb): 05okfun.net l\u00e0 n\u1ec1n t\u1ea3ng cung c\u1ea5p th\u00f4ng tin d\u00e0nh cho ng\u01b0\u1eddi d\u00f9ng t\u1eeb 18 tu\u1ed5i tr\u1edf l\u00ean v\u00e0 kh\u00f4ng sinh s\u1ed1ng t\u1ea1i Vi\u1ec7t Nam. To\u00e0n b\u1ed9 n\u1ed9i dung&#8230;<\/p>\n","protected":false},"author":1,"featured_media":0,"parent":0,"menu_order":0,"comment_status":"closed","ping_status":"open","template":"page-right-sidebar.php","meta":{"footnotes":""},"class_list":["post-2","page","type-page","status-publish","hentry"],"_links":{"self":[{"href":"https:\/\/05okfun.net\/index.php?rest_route=\/wp\/v2\/pages\/2","targetHints":{"allow":["GET"]}}],"collection":[{"href":"https:\/\/05okfun.net\/index.php?rest_route=\/wp\/v2\/pages"}],"about":[{"href":"https:\/\/05okfun.net\/index.php?rest_route=\/wp\/v2\/types\/page"}],"author":[{"embeddable":true,"href":"https:\/\/05okfun.net\/index.php?rest_route=\/wp\/v2\/users\/1"}],"replies":[{"embeddable":true,"href":"https:\/\/05okfun.net\/index.php?rest_route=%2Fwp%2Fv2%2Fcomments&post=2"}],"version-history":[{"count":54,"href":"https:\/\/05okfun.net\/index.php?rest_route=\/wp\/v2\/pages\/2\/revisions"}],"predecessor-version":[{"id":632,"href":"https:\/\/05okfun.net\/index.php?rest_route=\/wp\/v2\/pages\/2\/revisions\/632"}],"wp:attachment":[{"href":"https:\/\/05okfun.net\/index.php?rest_route=%2Fwp%2Fv2%2Fmedia&parent=2"}],"curies":[{"name":"wp","href":"https:\/\/api.w.org\/{rel}","templated":true}]}}